{"id":3948,"date":"2025-05-21T13:31:54","date_gmt":"2025-05-21T13:31:54","guid":{"rendered":"https:\/\/marinomarina.com\/avis-juridique\/"},"modified":"2025-05-24T12:20:01","modified_gmt":"2025-05-24T12:20:01","slug":"avis-juridique","status":"publish","type":"page","link":"https:\/\/marinomarina.com\/fr\/avis-juridique\/","title":{"rendered":"Avis juridique"},"content":{"rendered":"\t\t<div data-elementor-type=\"wp-page\" data-elementor-id=\"3948\" class=\"elementor elementor-3948 elementor-3934\" data-elementor-post-type=\"page\">\n\t\t\t\t<div class=\"elementor-element elementor-element-9140582 e-flex e-con-boxed e-con e-parent\" data-id=\"9140582\" data-element_type=\"container\" data-e-type=\"container\" data-settings=\"{&quot;background_background&quot;:&quot;classic&quot;}\">\n\t\t\t\t\t<div class=\"e-con-inner\">\n\t\t\t\t<div class=\"elementor-element elementor-element-d284088 elementor-widget__width-inherit elementor-invisible elementor-widget elementor-widget-heading\" data-id=\"d284088\" data-element_type=\"widget\" data-e-type=\"widget\" data-settings=\"{&quot;_animation&quot;:&quot;fadeIn&quot;}\" data-widget_type=\"heading.default\">\n\t\t\t\t<div class=\"elementor-widget-container\">\n\t\t\t\t\t<h2 class=\"elementor-heading-title elementor-size-default\">Avis juridique<\/h2>\t\t\t\t<\/div>\n\t\t\t\t<\/div>\n\t\t\t\t\t<\/div>\n\t\t\t\t<\/div>\n\t\t<div class=\"elementor-element elementor-element-545a1fb e-flex e-con-boxed e-con e-parent\" data-id=\"545a1fb\" data-element_type=\"container\" data-e-type=\"container\">\n\t\t\t\t\t<div class=\"e-con-inner\">\n\t\t\t\t<div class=\"elementor-element elementor-element-876d4e2 elementor-widget elementor-widget-text-editor\" data-id=\"876d4e2\" data-element_type=\"widget\" data-e-type=\"widget\" data-widget_type=\"text-editor.default\">\n\t\t\t\t<div class=\"elementor-widget-container\">\n\t\t\t\t\t\t\t\t\t<h1> <\/h1><h3><strong>Identification du titulaire<\/strong><\/h3><p>Conform\u00e9ment \u00e0 la <strong>loi 34\/2002<\/strong>, du 11 juillet, sur les <strong>services de la soci\u00e9t\u00e9 de l&rsquo;information et le commerce \u00e9lectronique (LSSI-CE)<\/strong>, nous vous informons que le propri\u00e9taire de ce site web est :<\/p><ul><li><p><strong>Nom\/nom de l&rsquo;entreprise :<\/strong> ZETA SERVICIOS TURISTICOS SL<\/p><\/li><li><p><strong>CIF\/NIF :<\/strong> B70808662<\/p><\/li><li><p><strong>Adresse :<\/strong> Plaza de la Marina 2 29015 M\u00e1laga<\/p><\/li><li><p><strong>Num\u00e9ro de t\u00e9l\u00e9phone de contact :<\/strong> +34 774 787 920<\/p><\/li><li><p><strong>Courriel :<\/strong> info@marinomarina.com<\/p><\/li><li><p><strong>Inscription au registre du commerce :<\/strong> Volume 6476 \/ Livre 5284 \/ Folio 200 \/ Feuille MA-180494 \/ Inscription. 1<\/p><\/li><\/ul><h3>2. <strong>Conditions d&rsquo;utilisation<\/strong><\/h3><p>L&rsquo;acc\u00e8s et l&rsquo;utilisation de ce site web impliquent l&rsquo;acceptation des conditions suivantes :<\/p><ul><li><p>L&rsquo;utilisateur s&rsquo;engage \u00e0 utiliser le site web de mani\u00e8re l\u00e9gale et respectueuse.<\/p><\/li><li><p>L&rsquo;utilisation du contenu du site web \u00e0 des fins commerciales n&rsquo;est pas permise sans autorisation pr\u00e9alable.<\/p><\/li><li><p>ZETA SERVICIOS TURISTICOS SL se r\u00e9serve le droit de modifier le contenu et la configuration du site Web sans pr\u00e9avis.<\/p><\/li><\/ul><h3>3. <strong>Propri\u00e9t\u00e9 intellectuelle<\/strong><\/h3><p>Tous les contenus de ce site Web, y compris les textes, les images, les logos et la conception graphique, sont la propri\u00e9t\u00e9 de ZETA SERVICIOS TURISTICOS SL ou font l&rsquo;objet de droits d&rsquo;utilisation autoris\u00e9s. Il est interdit de les reproduire, de les distribuer ou de les utiliser sans autorisation. <\/p><h3>4. <strong>Protection des donn\u00e9es personnelles<\/strong><\/h3><p>Conform\u00e9ment au <strong>r\u00e8glement g\u00e9n\u00e9ral sur la protection des donn\u00e9es (RGPD) et \u00e0 la loi organique 3\/2018 sur la protection des donn\u00e9es \u00e0 caract\u00e8re personnel (LOPDGDD)<\/strong>, nous vous informons :<\/p><ul><li><p>Les donn\u00e9es personnelles fournies dans les formulaires de contact, de r\u00e9servation ou d&rsquo;abonnement seront trait\u00e9es avec la plus grande confidentialit\u00e9.<\/p><\/li><li><p>La finalit\u00e9 du traitement est la gestion des demandes, des r\u00e9servations et des services offerts sur le site web.<\/p><\/li><li><p>L&rsquo;acc\u00e8s, la rectification et la suppression des donn\u00e9es sont garantis sur demande adress\u00e9e \u00e0 info@apartamentosmarinomarina.com.<\/p><\/li><li><p>Pour plus d&rsquo;informations, veuillez consulter notre <strong>politique de confidentialit\u00e9<\/strong>.<\/p><\/li><\/ul><h3>5. <strong>Politique en mati\u00e8re de cookies<\/strong><\/h3><p>Ce site web utilise <strong>ses propres cookies et ceux de tiers<\/strong> pour am\u00e9liorer l&rsquo;exp\u00e9rience de navigation. Vous pouvez accepter, refuser ou configurer vos pr\u00e9f\u00e9rences dans l&rsquo;avis relatif aux cookies disponible sur le site web. Pour plus de d\u00e9tails, consultez notre <strong>politique en mati\u00e8re de cookies<\/strong>.  <\/p><h3>6. <strong>Liens avec des tiers<\/strong><\/h3><p>Ce site peut contenir des liens vers des sites externes, non g\u00e9r\u00e9s par ZETA SERVICIOS TURISTICOS SL. Nous ne sommes pas responsables de leur contenu ou de leur politique de confidentialit\u00e9.<\/p><h3>7. <strong>Droit applicable et juridiction<\/strong><\/h3><p>La relation entre l&rsquo;utilisateur et ZETA SERVICIOS TURISTICOS SL est r\u00e9gie par la l\u00e9gislation espagnole en vigueur. Tout litige sera r\u00e9solu devant les cours et tribunaux de Malaga. <\/p>\t\t\t\t\t\t\t\t<\/div>\n\t\t\t\t<\/div>\n\t\t\t\t\t<\/div>\n\t\t\t\t<\/div>\n\t\t\t\t<\/div>\n\t\t","protected":false},"excerpt":{"rendered":"<p>Avis juridique Identification du titulaire Conform\u00e9ment \u00e0 la loi 34\/2002, du 11 juillet, sur les services de la soci\u00e9t\u00e9 de l&rsquo;information et le commerce \u00e9lectronique (LSSI-CE), nous vous informons que le propri\u00e9taire de ce site web est : Nom\/nom de l&rsquo;entreprise : ZETA SERVICIOS TURISTICOS SL CIF\/NIF : B70808662 Adresse : Plaza de la Marina [&hellip;]<\/p>\n","protected":false},"author":1,"featured_media":0,"parent":0,"menu_order":0,"comment_status":"closed","ping_status":"closed","template":"","meta":{"footnotes":""},"class_list":["post-3948","page","type-page","status-publish","hentry"],"yoast_head":"<!-- This site is optimized with the Yoast SEO Premium plugin v25.3 (Yoast SEO v27.1.1) - https:\/\/yoast.com\/product\/yoast-seo-premium-wordpress\/ -->\n<title>Avis juridique - MarinoMarina<\/title>\n<meta name=\"robots\" content=\"index, follow, max-snippet:-1, max-image-preview:large, max-video-preview:-1\" \/>\n<link rel=\"canonical\" href=\"https:\/\/marinomarina.com\/fr\/avis-juridique\/\" \/>\n<meta property=\"og:locale\" content=\"fr_FR\" \/>\n<meta property=\"og:type\" content=\"article\" \/>\n<meta property=\"og:title\" content=\"Avis juridique\" \/>\n<meta property=\"og:description\" content=\"Avis juridique Identification du titulaire Conform\u00e9ment \u00e0 la loi 34\/2002, du 11 juillet, sur les services de la soci\u00e9t\u00e9 de l&rsquo;information et le commerce \u00e9lectronique (LSSI-CE), nous vous informons que le propri\u00e9taire de ce site web est : Nom\/nom de l&rsquo;entreprise : ZETA SERVICIOS TURISTICOS SL CIF\/NIF : B70808662 Adresse : Plaza de la Marina [&hellip;]\" \/>\n<meta property=\"og:url\" content=\"https:\/\/marinomarina.com\/fr\/avis-juridique\/\" \/>\n<meta property=\"og:site_name\" content=\"MarinoMarina\" \/>\n<meta property=\"article:modified_time\" content=\"2025-05-24T12:20:01+00:00\" \/>\n<meta name=\"twitter:card\" content=\"summary_large_image\" \/>\n<meta name=\"twitter:label1\" content=\"Temps de lecture estim\u00e9 \" \/>\n\t<meta name=\"twitter:data1\" content=\"2 minutes\" \/>\n<script type=\"application\/ld+json\" class=\"yoast-schema-graph\">{\"@context\":\"https:\/\/schema.org\",\"@graph\":[{\"@type\":\"WebPage\",\"@id\":\"https:\/\/marinomarina.com\/fr\/avis-juridique\/\",\"url\":\"https:\/\/marinomarina.com\/fr\/avis-juridique\/\",\"name\":\"Avis juridique - MarinoMarina\",\"isPartOf\":{\"@id\":\"https:\/\/marinomarina.com\/fr\/#website\"},\"datePublished\":\"2025-05-21T13:31:54+00:00\",\"dateModified\":\"2025-05-24T12:20:01+00:00\",\"breadcrumb\":{\"@id\":\"https:\/\/marinomarina.com\/fr\/avis-juridique\/#breadcrumb\"},\"inLanguage\":\"fr-FR\",\"potentialAction\":[{\"@type\":\"ReadAction\",\"target\":[\"https:\/\/marinomarina.com\/fr\/avis-juridique\/\"]}]},{\"@type\":\"BreadcrumbList\",\"@id\":\"https:\/\/marinomarina.com\/fr\/avis-juridique\/#breadcrumb\",\"itemListElement\":[{\"@type\":\"ListItem\",\"position\":1,\"name\":\"Portada\",\"item\":\"https:\/\/marinomarina.com\/fr\/appartements-a-louer-dans-le-centre-de-malaga-2\/\"},{\"@type\":\"ListItem\",\"position\":2,\"name\":\"Avis juridique\"}]},{\"@type\":\"WebSite\",\"@id\":\"https:\/\/marinomarina.com\/fr\/#website\",\"url\":\"https:\/\/marinomarina.com\/fr\/\",\"name\":\"MarinoMarina\",\"description\":\"\",\"publisher\":{\"@id\":\"https:\/\/marinomarina.com\/fr\/#organization\"},\"potentialAction\":[{\"@type\":\"SearchAction\",\"target\":{\"@type\":\"EntryPoint\",\"urlTemplate\":\"https:\/\/marinomarina.com\/fr\/?s={search_term_string}\"},\"query-input\":{\"@type\":\"PropertyValueSpecification\",\"valueRequired\":true,\"valueName\":\"search_term_string\"}}],\"inLanguage\":\"fr-FR\"},{\"@type\":\"Organization\",\"@id\":\"https:\/\/marinomarina.com\/fr\/#organization\",\"name\":\"MarinoMarina\",\"url\":\"https:\/\/marinomarina.com\/fr\/\",\"logo\":{\"@type\":\"ImageObject\",\"inLanguage\":\"fr-FR\",\"@id\":\"https:\/\/marinomarina.com\/fr\/#\/schema\/logo\/image\/\",\"url\":\"https:\/\/marinomarina.com\/wp-content\/uploads\/2025\/05\/LOGO-MARINOMARINA-scaled.png\",\"contentUrl\":\"https:\/\/marinomarina.com\/wp-content\/uploads\/2025\/05\/LOGO-MARINOMARINA-scaled.png\",\"width\":2560,\"height\":1854,\"caption\":\"MarinoMarina\"},\"image\":{\"@id\":\"https:\/\/marinomarina.com\/fr\/#\/schema\/logo\/image\/\"}}]}<\/script>\n<!-- \/ Yoast SEO Premium plugin. -->","yoast_head_json":{"title":"Avis juridique - MarinoMarina","robots":{"index":"index","follow":"follow","max-snippet":"max-snippet:-1","max-image-preview":"max-image-preview:large","max-video-preview":"max-video-preview:-1"},"canonical":"https:\/\/marinomarina.com\/fr\/avis-juridique\/","og_locale":"fr_FR","og_type":"article","og_title":"Avis juridique","og_description":"Avis juridique Identification du titulaire Conform\u00e9ment \u00e0 la loi 34\/2002, du 11 juillet, sur les services de la soci\u00e9t\u00e9 de l&rsquo;information et le commerce \u00e9lectronique (LSSI-CE), nous vous informons que le propri\u00e9taire de ce site web est : Nom\/nom de l&rsquo;entreprise : ZETA SERVICIOS TURISTICOS SL CIF\/NIF : B70808662 Adresse : Plaza de la Marina [&hellip;]","og_url":"https:\/\/marinomarina.com\/fr\/avis-juridique\/","og_site_name":"MarinoMarina","article_modified_time":"2025-05-24T12:20:01+00:00","twitter_card":"summary_large_image","twitter_misc":{"Temps de lecture estim\u00e9 ":"2 minutes"},"schema":{"@context":"https:\/\/schema.org","@graph":[{"@type":"WebPage","@id":"https:\/\/marinomarina.com\/fr\/avis-juridique\/","url":"https:\/\/marinomarina.com\/fr\/avis-juridique\/","name":"Avis juridique - MarinoMarina","isPartOf":{"@id":"https:\/\/marinomarina.com\/fr\/#website"},"datePublished":"2025-05-21T13:31:54+00:00","dateModified":"2025-05-24T12:20:01+00:00","breadcrumb":{"@id":"https:\/\/marinomarina.com\/fr\/avis-juridique\/#breadcrumb"},"inLanguage":"fr-FR","potentialAction":[{"@type":"ReadAction","target":["https:\/\/marinomarina.com\/fr\/avis-juridique\/"]}]},{"@type":"BreadcrumbList","@id":"https:\/\/marinomarina.com\/fr\/avis-juridique\/#breadcrumb","itemListElement":[{"@type":"ListItem","position":1,"name":"Portada","item":"https:\/\/marinomarina.com\/fr\/appartements-a-louer-dans-le-centre-de-malaga-2\/"},{"@type":"ListItem","position":2,"name":"Avis juridique"}]},{"@type":"WebSite","@id":"https:\/\/marinomarina.com\/fr\/#website","url":"https:\/\/marinomarina.com\/fr\/","name":"MarinoMarina","description":"","publisher":{"@id":"https:\/\/marinomarina.com\/fr\/#organization"},"potentialAction":[{"@type":"SearchAction","target":{"@type":"EntryPoint","urlTemplate":"https:\/\/marinomarina.com\/fr\/?s={search_term_string}"},"query-input":{"@type":"PropertyValueSpecification","valueRequired":true,"valueName":"search_term_string"}}],"inLanguage":"fr-FR"},{"@type":"Organization","@id":"https:\/\/marinomarina.com\/fr\/#organization","name":"MarinoMarina","url":"https:\/\/marinomarina.com\/fr\/","logo":{"@type":"ImageObject","inLanguage":"fr-FR","@id":"https:\/\/marinomarina.com\/fr\/#\/schema\/logo\/image\/","url":"https:\/\/marinomarina.com\/wp-content\/uploads\/2025\/05\/LOGO-MARINOMARINA-scaled.png","contentUrl":"https:\/\/marinomarina.com\/wp-content\/uploads\/2025\/05\/LOGO-MARINOMARINA-scaled.png","width":2560,"height":1854,"caption":"MarinoMarina"},"image":{"@id":"https:\/\/marinomarina.com\/fr\/#\/schema\/logo\/image\/"}}]}},"_links":{"self":[{"href":"https:\/\/marinomarina.com\/fr\/wp-json\/wp\/v2\/pages\/3948","targetHints":{"allow":["GET"]}}],"collection":[{"href":"https:\/\/marinomarina.com\/fr\/wp-json\/wp\/v2\/pages"}],"about":[{"href":"https:\/\/marinomarina.com\/fr\/wp-json\/wp\/v2\/types\/page"}],"author":[{"embeddable":true,"href":"https:\/\/marinomarina.com\/fr\/wp-json\/wp\/v2\/users\/1"}],"replies":[{"embeddable":true,"href":"https:\/\/marinomarina.com\/fr\/wp-json\/wp\/v2\/comments?post=3948"}],"version-history":[{"count":7,"href":"https:\/\/marinomarina.com\/fr\/wp-json\/wp\/v2\/pages\/3948\/revisions"}],"predecessor-version":[{"id":4547,"href":"https:\/\/marinomarina.com\/fr\/wp-json\/wp\/v2\/pages\/3948\/revisions\/4547"}],"wp:attachment":[{"href":"https:\/\/marinomarina.com\/fr\/wp-json\/wp\/v2\/media?parent=3948"}],"curies":[{"name":"wp","href":"https:\/\/api.w.org\/{rel}","templated":true}]}}