{"id":2809,"date":"2025-05-16T18:34:58","date_gmt":"2025-05-16T18:34:58","guid":{"rendered":"https:\/\/marinomarina.com\/bulletin-dinformation\/"},"modified":"2025-05-21T16:50:47","modified_gmt":"2025-05-21T16:50:47","slug":"bulletin-dinformation","status":"publish","type":"page","link":"https:\/\/marinomarina.com\/fr\/bulletin-dinformation\/","title":{"rendered":"Bulletin d&rsquo;information"},"content":{"rendered":"\t\t<div data-elementor-type=\"wp-page\" data-elementor-id=\"2809\" class=\"elementor elementor-2809 elementor-2802\" data-elementor-post-type=\"page\">\n\t\t\t\t<div class=\"elementor-element elementor-element-7a0e0d1 e-flex e-con-boxed e-con e-parent\" data-id=\"7a0e0d1\" data-element_type=\"container\" data-e-type=\"container\" data-settings=\"{&quot;background_background&quot;:&quot;classic&quot;}\">\n\t\t\t\t\t<div class=\"e-con-inner\">\n\t\t\t\t<div class=\"elementor-element elementor-element-24d914d elementor-widget__width-inherit elementor-invisible elementor-widget elementor-widget-heading\" data-id=\"24d914d\" data-element_type=\"widget\" data-e-type=\"widget\" data-settings=\"{&quot;_animation&quot;:&quot;fadeIn&quot;}\" data-widget_type=\"heading.default\">\n\t\t\t\t<div class=\"elementor-widget-container\">\n\t\t\t\t\t<h2 class=\"elementor-heading-title elementor-size-default\">Bulletin d'information<\/h2>\t\t\t\t<\/div>\n\t\t\t\t<\/div>\n\t\t\t\t<div class=\"elementor-element elementor-element-46e4359 elementor-invisible elementor-widget elementor-widget-heading\" data-id=\"46e4359\" data-element_type=\"widget\" data-e-type=\"widget\" data-settings=\"{&quot;_animation&quot;:&quot;fadeIn&quot;,&quot;_animation_delay&quot;:200}\" data-widget_type=\"heading.default\">\n\t\t\t\t<div class=\"elementor-widget-container\">\n\t\t\t\t\t<h2 class=\"elementor-heading-title elementor-size-default\">Nous vous souhaitons la bienvenue<\/h2>\t\t\t\t<\/div>\n\t\t\t\t<\/div>\n\t\t\t\t<div class=\"elementor-element elementor-element-f008a11 elementor-widget elementor-widget-text-editor\" data-id=\"f008a11\" data-element_type=\"widget\" data-e-type=\"widget\" data-widget_type=\"text-editor.default\">\n\t\t\t\t<div class=\"elementor-widget-container\">\n\t\t\t\t\t\t\t\t\t<p>Abonnez-vous et soyez le premier \u00e0 conna\u00eetre nos promotions exclusives, nos \u00e9v\u00e9nements sp\u00e9ciaux et nos exp\u00e9riences uniques \u00e0 Malaga.<\/p>\t\t\t\t\t\t\t\t<\/div>\n\t\t\t\t<\/div>\n\t\t\t\t\t<\/div>\n\t\t\t\t<\/div>\n\t\t\t\t<\/div>\n\t\t","protected":false},"excerpt":{"rendered":"<p>Bulletin d&rsquo;information Nous vous souhaitons la bienvenue Abonnez-vous et soyez le premier \u00e0 conna\u00eetre nos promotions exclusives, nos \u00e9v\u00e9nements sp\u00e9ciaux et nos exp\u00e9riences uniques \u00e0 Malaga.<\/p>\n","protected":false},"author":1,"featured_media":0,"parent":0,"menu_order":0,"comment_status":"closed","ping_status":"closed","template":"","meta":{"footnotes":""},"class_list":["post-2809","page","type-page","status-publish","hentry"],"yoast_head":"<!-- This site is optimized with the Yoast SEO Premium plugin v25.3 (Yoast SEO v27.1.1) - https:\/\/yoast.com\/product\/yoast-seo-premium-wordpress\/ -->\n<title>Bulletin d&#039;information - MarinoMarina<\/title>\n<meta name=\"robots\" content=\"index, follow, max-snippet:-1, max-image-preview:large, max-video-preview:-1\" \/>\n<link rel=\"canonical\" href=\"https:\/\/marinomarina.com\/fr\/bulletin-dinformation\/\" \/>\n<meta property=\"og:locale\" content=\"fr_FR\" \/>\n<meta property=\"og:type\" content=\"article\" \/>\n<meta property=\"og:title\" content=\"Bulletin d&#039;information\" \/>\n<meta property=\"og:description\" content=\"Bulletin d&rsquo;information Nous vous souhaitons la bienvenue Abonnez-vous et soyez le premier \u00e0 conna\u00eetre nos promotions exclusives, nos \u00e9v\u00e9nements sp\u00e9ciaux et nos exp\u00e9riences uniques \u00e0 Malaga.\" \/>\n<meta property=\"og:url\" content=\"https:\/\/marinomarina.com\/fr\/bulletin-dinformation\/\" \/>\n<meta property=\"og:site_name\" content=\"MarinoMarina\" \/>\n<meta property=\"article:modified_time\" content=\"2025-05-21T16:50:47+00:00\" \/>\n<meta name=\"twitter:card\" content=\"summary_large_image\" \/>\n<script type=\"application\/ld+json\" class=\"yoast-schema-graph\">{\"@context\":\"https:\/\/schema.org\",\"@graph\":[{\"@type\":\"WebPage\",\"@id\":\"https:\/\/marinomarina.com\/fr\/bulletin-dinformation\/\",\"url\":\"https:\/\/marinomarina.com\/fr\/bulletin-dinformation\/\",\"name\":\"Bulletin d'information - MarinoMarina\",\"isPartOf\":{\"@id\":\"https:\/\/marinomarina.com\/fr\/#website\"},\"datePublished\":\"2025-05-16T18:34:58+00:00\",\"dateModified\":\"2025-05-21T16:50:47+00:00\",\"breadcrumb\":{\"@id\":\"https:\/\/marinomarina.com\/fr\/bulletin-dinformation\/#breadcrumb\"},\"inLanguage\":\"fr-FR\",\"potentialAction\":[{\"@type\":\"ReadAction\",\"target\":[\"https:\/\/marinomarina.com\/fr\/bulletin-dinformation\/\"]}]},{\"@type\":\"BreadcrumbList\",\"@id\":\"https:\/\/marinomarina.com\/fr\/bulletin-dinformation\/#breadcrumb\",\"itemListElement\":[{\"@type\":\"ListItem\",\"position\":1,\"name\":\"Portada\",\"item\":\"https:\/\/marinomarina.com\/fr\/appartements-a-louer-dans-le-centre-de-malaga-2\/\"},{\"@type\":\"ListItem\",\"position\":2,\"name\":\"Bulletin d&#8217;information\"}]},{\"@type\":\"WebSite\",\"@id\":\"https:\/\/marinomarina.com\/fr\/#website\",\"url\":\"https:\/\/marinomarina.com\/fr\/\",\"name\":\"MarinoMarina\",\"description\":\"\",\"publisher\":{\"@id\":\"https:\/\/marinomarina.com\/fr\/#organization\"},\"potentialAction\":[{\"@type\":\"SearchAction\",\"target\":{\"@type\":\"EntryPoint\",\"urlTemplate\":\"https:\/\/marinomarina.com\/fr\/?s={search_term_string}\"},\"query-input\":{\"@type\":\"PropertyValueSpecification\",\"valueRequired\":true,\"valueName\":\"search_term_string\"}}],\"inLanguage\":\"fr-FR\"},{\"@type\":\"Organization\",\"@id\":\"https:\/\/marinomarina.com\/fr\/#organization\",\"name\":\"MarinoMarina\",\"url\":\"https:\/\/marinomarina.com\/fr\/\",\"logo\":{\"@type\":\"ImageObject\",\"inLanguage\":\"fr-FR\",\"@id\":\"https:\/\/marinomarina.com\/fr\/#\/schema\/logo\/image\/\",\"url\":\"https:\/\/marinomarina.com\/wp-content\/uploads\/2025\/05\/LOGO-MARINOMARINA-scaled.png\",\"contentUrl\":\"https:\/\/marinomarina.com\/wp-content\/uploads\/2025\/05\/LOGO-MARINOMARINA-scaled.png\",\"width\":2560,\"height\":1854,\"caption\":\"MarinoMarina\"},\"image\":{\"@id\":\"https:\/\/marinomarina.com\/fr\/#\/schema\/logo\/image\/\"}}]}<\/script>\n<!-- \/ Yoast SEO Premium plugin. -->","yoast_head_json":{"title":"Bulletin d'information - MarinoMarina","robots":{"index":"index","follow":"follow","max-snippet":"max-snippet:-1","max-image-preview":"max-image-preview:large","max-video-preview":"max-video-preview:-1"},"canonical":"https:\/\/marinomarina.com\/fr\/bulletin-dinformation\/","og_locale":"fr_FR","og_type":"article","og_title":"Bulletin d'information","og_description":"Bulletin d&rsquo;information Nous vous souhaitons la bienvenue Abonnez-vous et soyez le premier \u00e0 conna\u00eetre nos promotions exclusives, nos \u00e9v\u00e9nements sp\u00e9ciaux et nos exp\u00e9riences uniques \u00e0 Malaga.","og_url":"https:\/\/marinomarina.com\/fr\/bulletin-dinformation\/","og_site_name":"MarinoMarina","article_modified_time":"2025-05-21T16:50:47+00:00","twitter_card":"summary_large_image","schema":{"@context":"https:\/\/schema.org","@graph":[{"@type":"WebPage","@id":"https:\/\/marinomarina.com\/fr\/bulletin-dinformation\/","url":"https:\/\/marinomarina.com\/fr\/bulletin-dinformation\/","name":"Bulletin d'information - MarinoMarina","isPartOf":{"@id":"https:\/\/marinomarina.com\/fr\/#website"},"datePublished":"2025-05-16T18:34:58+00:00","dateModified":"2025-05-21T16:50:47+00:00","breadcrumb":{"@id":"https:\/\/marinomarina.com\/fr\/bulletin-dinformation\/#breadcrumb"},"inLanguage":"fr-FR","potentialAction":[{"@type":"ReadAction","target":["https:\/\/marinomarina.com\/fr\/bulletin-dinformation\/"]}]},{"@type":"BreadcrumbList","@id":"https:\/\/marinomarina.com\/fr\/bulletin-dinformation\/#breadcrumb","itemListElement":[{"@type":"ListItem","position":1,"name":"Portada","item":"https:\/\/marinomarina.com\/fr\/appartements-a-louer-dans-le-centre-de-malaga-2\/"},{"@type":"ListItem","position":2,"name":"Bulletin d&#8217;information"}]},{"@type":"WebSite","@id":"https:\/\/marinomarina.com\/fr\/#website","url":"https:\/\/marinomarina.com\/fr\/","name":"MarinoMarina","description":"","publisher":{"@id":"https:\/\/marinomarina.com\/fr\/#organization"},"potentialAction":[{"@type":"SearchAction","target":{"@type":"EntryPoint","urlTemplate":"https:\/\/marinomarina.com\/fr\/?s={search_term_string}"},"query-input":{"@type":"PropertyValueSpecification","valueRequired":true,"valueName":"search_term_string"}}],"inLanguage":"fr-FR"},{"@type":"Organization","@id":"https:\/\/marinomarina.com\/fr\/#organization","name":"MarinoMarina","url":"https:\/\/marinomarina.com\/fr\/","logo":{"@type":"ImageObject","inLanguage":"fr-FR","@id":"https:\/\/marinomarina.com\/fr\/#\/schema\/logo\/image\/","url":"https:\/\/marinomarina.com\/wp-content\/uploads\/2025\/05\/LOGO-MARINOMARINA-scaled.png","contentUrl":"https:\/\/marinomarina.com\/wp-content\/uploads\/2025\/05\/LOGO-MARINOMARINA-scaled.png","width":2560,"height":1854,"caption":"MarinoMarina"},"image":{"@id":"https:\/\/marinomarina.com\/fr\/#\/schema\/logo\/image\/"}}]}},"_links":{"self":[{"href":"https:\/\/marinomarina.com\/fr\/wp-json\/wp\/v2\/pages\/2809","targetHints":{"allow":["GET"]}}],"collection":[{"href":"https:\/\/marinomarina.com\/fr\/wp-json\/wp\/v2\/pages"}],"about":[{"href":"https:\/\/marinomarina.com\/fr\/wp-json\/wp\/v2\/types\/page"}],"author":[{"embeddable":true,"href":"https:\/\/marinomarina.com\/fr\/wp-json\/wp\/v2\/users\/1"}],"replies":[{"embeddable":true,"href":"https:\/\/marinomarina.com\/fr\/wp-json\/wp\/v2\/comments?post=2809"}],"version-history":[{"count":3,"href":"https:\/\/marinomarina.com\/fr\/wp-json\/wp\/v2\/pages\/2809\/revisions"}],"predecessor-version":[{"id":4149,"href":"https:\/\/marinomarina.com\/fr\/wp-json\/wp\/v2\/pages\/2809\/revisions\/4149"}],"wp:attachment":[{"href":"https:\/\/marinomarina.com\/fr\/wp-json\/wp\/v2\/media?parent=2809"}],"curies":[{"name":"wp","href":"https:\/\/api.w.org\/{rel}","templated":true}]}}