{"id":8789,"date":"2025-05-21T13:31:54","date_gmt":"2025-05-21T13:31:54","guid":{"rendered":"https:\/\/marinomarina.com\/rechtlicher-hinweis\/"},"modified":"2026-04-02T11:57:20","modified_gmt":"2026-04-02T11:57:20","slug":"rechtlicher-hinweis","status":"publish","type":"page","link":"https:\/\/marinomarina.com\/de\/rechtlicher-hinweis\/","title":{"rendered":"Rechtlicher Hinweis"},"content":{"rendered":"\t\t<div data-elementor-type=\"wp-page\" data-elementor-id=\"8789\" class=\"elementor elementor-8789 elementor-3934\" data-elementor-post-type=\"page\">\n\t\t\t\t<div class=\"elementor-element elementor-element-9140582 e-flex e-con-boxed e-con e-parent\" data-id=\"9140582\" data-element_type=\"container\" data-e-type=\"container\" data-settings=\"{&quot;background_background&quot;:&quot;classic&quot;}\">\n\t\t\t\t\t<div class=\"e-con-inner\">\n\t\t\t\t<div class=\"elementor-element elementor-element-d284088 elementor-widget__width-inherit elementor-invisible elementor-widget elementor-widget-heading\" data-id=\"d284088\" data-element_type=\"widget\" data-e-type=\"widget\" data-settings=\"{&quot;_animation&quot;:&quot;fadeIn&quot;}\" data-widget_type=\"heading.default\">\n\t\t\t\t<div class=\"elementor-widget-container\">\n\t\t\t\t\t<h2 class=\"elementor-heading-title elementor-size-default\">Rechtlicher Hinweis<\/h2>\t\t\t\t<\/div>\n\t\t\t\t<\/div>\n\t\t\t\t\t<\/div>\n\t\t\t\t<\/div>\n\t\t<div class=\"elementor-element elementor-element-545a1fb e-flex e-con-boxed e-con e-parent\" data-id=\"545a1fb\" data-element_type=\"container\" data-e-type=\"container\">\n\t\t\t\t\t<div class=\"e-con-inner\">\n\t\t\t\t<div class=\"elementor-element elementor-element-876d4e2 elementor-widget elementor-widget-text-editor\" data-id=\"876d4e2\" data-element_type=\"widget\" data-e-type=\"widget\" data-widget_type=\"text-editor.default\">\n\t\t\t\t<div class=\"elementor-widget-container\">\n\t\t\t\t\t\t\t\t\t<h1> <\/h1><h3><strong>Identifizierung des Inhabers<\/strong><\/h3><p>Gem\u00e4\u00df dem <strong>Gesetz 34\/2002<\/strong> vom 11. Juli \u00fcber die <strong>Dienstleistungen der Informationsgesellschaft und den elektronischen Handel (LSSI-CE)<\/strong> teilen wir Ihnen mit, dass der Eigent\u00fcmer dieser Website ist:<\/p><ul><li><p><strong>Name\/Firmenname:<\/strong> ZETA SERVICIOS TURISTICOS SL<\/p><\/li><li><p><strong>CIF\/NIF:<\/strong> B70808662<\/p><\/li><li><p><strong>Adresse:<\/strong> Plaza de la Marina 2 29015 M\u00e1laga<\/p><\/li><li><p><strong>Kontakt-Telefonnummer:<\/strong> +34 774 787 920<\/p><\/li><li><p><strong>E-Mail:<\/strong> info@marinomarina.com<\/p><\/li><li><p><strong>Eintrag im Handelsregister:<\/strong> Band 6476 \/ Buch 5284 \/ Folio 200 \/ Blatt MA-180494 \/ Eintrag. 1<\/p><\/li><\/ul><h3>2. <strong>Bedingungen f\u00fcr die Nutzung<\/strong><\/h3><p>Der Zugriff auf und die Nutzung dieser Website setzt die Annahme der folgenden Bedingungen voraus:<\/p><ul><li><p>Der Benutzer verpflichtet sich, die Website auf legale und respektvolle Weise zu nutzen.<\/p><\/li><li><p>Die Nutzung der Inhalte der Website zu kommerziellen Zwecken ist ohne vorherige Genehmigung nicht gestattet.<\/p><\/li><li><p>ZETA SERVICIOS TURISTICOS SL beh\u00e4lt sich das Recht vor, den Inhalt und die Konfiguration der Website ohne vorherige Ank\u00fcndigung zu \u00e4ndern.<\/p><\/li><\/ul><h3>3. <strong>Geistiges Eigentum<\/strong><\/h3><p>Alle Inhalte dieser Website, einschlie\u00dflich der Texte, Bilder, Logos und der grafischen Gestaltung, sind Eigentum von ZETA SERVICIOS TURISTICOS SL oder haben autorisierte Nutzungsrechte. Ihre Vervielf\u00e4ltigung, Verbreitung oder Nutzung ohne Zustimmung ist verboten. <\/p><h3>4. <strong>Schutz der pers\u00f6nlichen Daten<\/strong><\/h3><p>In \u00dcbereinstimmung mit der <strong>Allgemeinen Datenschutzverordnung (RGPD) und dem Organgesetz 3\/2018 zum Schutz personenbezogener Daten (LOPDGDD)<\/strong> informieren wir Sie:<\/p><ul><li><p>Pers\u00f6nliche Daten, die in Kontakt-, Buchungs- oder Abonnementformularen angegeben werden, werden mit \u00e4u\u00dferster Vertraulichkeit behandelt.<\/p><\/li><li><p>Der Zweck der Verarbeitung besteht darin, Anfragen, Buchungen und die auf der Website angebotenen Dienstleistungen zu verwalten.<\/p><\/li><li><p>Der Zugang, die Berichtigung und die L\u00f6schung von Daten wird auf Anfrage an info@apartamentosmarinomarina.com garantiert.<\/p><\/li><li><p>Weitere Informationen finden Sie in unserer <strong>Datenschutzrichtlinie<\/strong>.<\/p><\/li><\/ul><h3>5. <strong>Cookie-Richtlinie<\/strong><\/h3><p>Diese Website verwendet <strong>eigene Cookies und Cookies von Dritten<\/strong>, um das Surferlebnis zu verbessern. Sie k\u00f6nnen die Cookies akzeptieren, ablehnen oder Ihre Pr\u00e4ferenzen in dem auf der Website verf\u00fcgbaren Cookie-Hinweis konfigurieren. Weitere Einzelheiten finden Sie in unserer <strong>Cookie-Richtlinie<\/strong>.  <\/p><h3>6. <strong>Links zu Drittparteien<\/strong><\/h3><p>Diese Website kann Links zu externen Websites enthalten, die nicht von ZETA SERVICIOS TURISTICOS SL verwaltet werden. Wir sind nicht verantwortlich f\u00fcr deren Inhalt oder Datenschutzrichtlinien.<\/p><h3>7. <strong>Anwendbares Recht und Gerichtsstand<\/strong><\/h3><p>Die Beziehung zwischen dem Nutzer und ZETA SERVICIOS TURISTICOS SL unterliegt der geltenden spanischen Gesetzgebung. Alle Streitigkeiten werden vor den Gerichten von M\u00e1laga ausgetragen. <\/p>\t\t\t\t\t\t\t\t<\/div>\n\t\t\t\t<\/div>\n\t\t\t\t\t<\/div>\n\t\t\t\t<\/div>\n\t\t\t\t<\/div>\n\t\t","protected":false},"excerpt":{"rendered":"<p>Rechtlicher Hinweis Identifizierung des Inhabers Gem\u00e4\u00df dem Gesetz 34\/2002 vom 11. Juli \u00fcber die Dienstleistungen der Informationsgesellschaft und den elektronischen Handel (LSSI-CE) teilen wir Ihnen mit, dass der Eigent\u00fcmer dieser Website ist: Name\/Firmenname: ZETA SERVICIOS TURISTICOS SL CIF\/NIF: B70808662 Adresse: Plaza de la Marina 2 29015 M\u00e1laga Kontakt-Telefonnummer: +34 774 787 920 E-Mail: info@marinomarina.com Eintrag [&hellip;]<\/p>\n","protected":false},"author":1,"featured_media":0,"parent":0,"menu_order":0,"comment_status":"closed","ping_status":"closed","template":"","meta":{"footnotes":""},"class_list":["post-8789","page","type-page","status-publish","hentry"],"yoast_head":"<!-- This site is optimized with the Yoast SEO Premium plugin v25.3 (Yoast SEO v27.1.1) - https:\/\/yoast.com\/product\/yoast-seo-premium-wordpress\/ -->\n<title>Rechtlicher Hinweis - MarinoMarina<\/title>\n<meta name=\"robots\" content=\"index, follow, max-snippet:-1, max-image-preview:large, max-video-preview:-1\" \/>\n<link rel=\"canonical\" href=\"https:\/\/marinomarina.com\/de\/rechtlicher-hinweis\/\" \/>\n<meta property=\"og:locale\" content=\"de_DE\" \/>\n<meta property=\"og:type\" content=\"article\" \/>\n<meta property=\"og:title\" content=\"Rechtlicher Hinweis\" \/>\n<meta property=\"og:description\" content=\"Rechtlicher Hinweis Identifizierung des Inhabers Gem\u00e4\u00df dem Gesetz 34\/2002 vom 11. Juli \u00fcber die Dienstleistungen der Informationsgesellschaft und den elektronischen Handel (LSSI-CE) teilen wir Ihnen mit, dass der Eigent\u00fcmer dieser Website ist: Name\/Firmenname: ZETA SERVICIOS TURISTICOS SL CIF\/NIF: B70808662 Adresse: Plaza de la Marina 2 29015 M\u00e1laga Kontakt-Telefonnummer: +34 774 787 920 E-Mail: info@marinomarina.com Eintrag [&hellip;]\" \/>\n<meta property=\"og:url\" content=\"https:\/\/marinomarina.com\/de\/rechtlicher-hinweis\/\" \/>\n<meta property=\"og:site_name\" content=\"MarinoMarina\" \/>\n<meta property=\"article:modified_time\" content=\"2026-04-02T11:57:20+00:00\" \/>\n<meta name=\"twitter:card\" content=\"summary_large_image\" \/>\n<meta name=\"twitter:label1\" content=\"Gesch\u00e4tzte Lesezeit\" \/>\n\t<meta name=\"twitter:data1\" content=\"2 Minuten\" \/>\n<script type=\"application\/ld+json\" class=\"yoast-schema-graph\">{\"@context\":\"https:\/\/schema.org\",\"@graph\":[{\"@type\":\"WebPage\",\"@id\":\"https:\/\/marinomarina.com\/de\/rechtlicher-hinweis\/\",\"url\":\"https:\/\/marinomarina.com\/de\/rechtlicher-hinweis\/\",\"name\":\"Rechtlicher Hinweis - MarinoMarina\",\"isPartOf\":{\"@id\":\"https:\/\/marinomarina.com\/de\/#website\"},\"datePublished\":\"2025-05-21T13:31:54+00:00\",\"dateModified\":\"2026-04-02T11:57:20+00:00\",\"breadcrumb\":{\"@id\":\"https:\/\/marinomarina.com\/de\/rechtlicher-hinweis\/#breadcrumb\"},\"inLanguage\":\"de\",\"potentialAction\":[{\"@type\":\"ReadAction\",\"target\":[\"https:\/\/marinomarina.com\/de\/rechtlicher-hinweis\/\"]}]},{\"@type\":\"BreadcrumbList\",\"@id\":\"https:\/\/marinomarina.com\/de\/rechtlicher-hinweis\/#breadcrumb\",\"itemListElement\":[{\"@type\":\"ListItem\",\"position\":1,\"name\":\"Portada\",\"item\":\"https:\/\/marinomarina.com\/de\/wohnungen-zur-miete-im-zentrum-von-malaga-2\/\"},{\"@type\":\"ListItem\",\"position\":2,\"name\":\"Rechtlicher Hinweis\"}]},{\"@type\":\"WebSite\",\"@id\":\"https:\/\/marinomarina.com\/de\/#website\",\"url\":\"https:\/\/marinomarina.com\/de\/\",\"name\":\"MarinoMarina\",\"description\":\"\",\"publisher\":{\"@id\":\"https:\/\/marinomarina.com\/de\/#organization\"},\"potentialAction\":[{\"@type\":\"SearchAction\",\"target\":{\"@type\":\"EntryPoint\",\"urlTemplate\":\"https:\/\/marinomarina.com\/de\/?s={search_term_string}\"},\"query-input\":{\"@type\":\"PropertyValueSpecification\",\"valueRequired\":true,\"valueName\":\"search_term_string\"}}],\"inLanguage\":\"de\"},{\"@type\":\"Organization\",\"@id\":\"https:\/\/marinomarina.com\/de\/#organization\",\"name\":\"MarinoMarina\",\"url\":\"https:\/\/marinomarina.com\/de\/\",\"logo\":{\"@type\":\"ImageObject\",\"inLanguage\":\"de\",\"@id\":\"https:\/\/marinomarina.com\/de\/#\/schema\/logo\/image\/\",\"url\":\"https:\/\/marinomarina.com\/wp-content\/uploads\/2025\/05\/LOGO-MARINOMARINA-scaled.png\",\"contentUrl\":\"https:\/\/marinomarina.com\/wp-content\/uploads\/2025\/05\/LOGO-MARINOMARINA-scaled.png\",\"width\":2560,\"height\":1854,\"caption\":\"MarinoMarina\"},\"image\":{\"@id\":\"https:\/\/marinomarina.com\/de\/#\/schema\/logo\/image\/\"}}]}<\/script>\n<!-- \/ Yoast SEO Premium plugin. -->","yoast_head_json":{"title":"Rechtlicher Hinweis - MarinoMarina","robots":{"index":"index","follow":"follow","max-snippet":"max-snippet:-1","max-image-preview":"max-image-preview:large","max-video-preview":"max-video-preview:-1"},"canonical":"https:\/\/marinomarina.com\/de\/rechtlicher-hinweis\/","og_locale":"de_DE","og_type":"article","og_title":"Rechtlicher Hinweis","og_description":"Rechtlicher Hinweis Identifizierung des Inhabers Gem\u00e4\u00df dem Gesetz 34\/2002 vom 11. Juli \u00fcber die Dienstleistungen der Informationsgesellschaft und den elektronischen Handel (LSSI-CE) teilen wir Ihnen mit, dass der Eigent\u00fcmer dieser Website ist: Name\/Firmenname: ZETA SERVICIOS TURISTICOS SL CIF\/NIF: B70808662 Adresse: Plaza de la Marina 2 29015 M\u00e1laga Kontakt-Telefonnummer: +34 774 787 920 E-Mail: info@marinomarina.com Eintrag [&hellip;]","og_url":"https:\/\/marinomarina.com\/de\/rechtlicher-hinweis\/","og_site_name":"MarinoMarina","article_modified_time":"2026-04-02T11:57:20+00:00","twitter_card":"summary_large_image","twitter_misc":{"Gesch\u00e4tzte Lesezeit":"2 Minuten"},"schema":{"@context":"https:\/\/schema.org","@graph":[{"@type":"WebPage","@id":"https:\/\/marinomarina.com\/de\/rechtlicher-hinweis\/","url":"https:\/\/marinomarina.com\/de\/rechtlicher-hinweis\/","name":"Rechtlicher Hinweis - MarinoMarina","isPartOf":{"@id":"https:\/\/marinomarina.com\/de\/#website"},"datePublished":"2025-05-21T13:31:54+00:00","dateModified":"2026-04-02T11:57:20+00:00","breadcrumb":{"@id":"https:\/\/marinomarina.com\/de\/rechtlicher-hinweis\/#breadcrumb"},"inLanguage":"de","potentialAction":[{"@type":"ReadAction","target":["https:\/\/marinomarina.com\/de\/rechtlicher-hinweis\/"]}]},{"@type":"BreadcrumbList","@id":"https:\/\/marinomarina.com\/de\/rechtlicher-hinweis\/#breadcrumb","itemListElement":[{"@type":"ListItem","position":1,"name":"Portada","item":"https:\/\/marinomarina.com\/de\/wohnungen-zur-miete-im-zentrum-von-malaga-2\/"},{"@type":"ListItem","position":2,"name":"Rechtlicher Hinweis"}]},{"@type":"WebSite","@id":"https:\/\/marinomarina.com\/de\/#website","url":"https:\/\/marinomarina.com\/de\/","name":"MarinoMarina","description":"","publisher":{"@id":"https:\/\/marinomarina.com\/de\/#organization"},"potentialAction":[{"@type":"SearchAction","target":{"@type":"EntryPoint","urlTemplate":"https:\/\/marinomarina.com\/de\/?s={search_term_string}"},"query-input":{"@type":"PropertyValueSpecification","valueRequired":true,"valueName":"search_term_string"}}],"inLanguage":"de"},{"@type":"Organization","@id":"https:\/\/marinomarina.com\/de\/#organization","name":"MarinoMarina","url":"https:\/\/marinomarina.com\/de\/","logo":{"@type":"ImageObject","inLanguage":"de","@id":"https:\/\/marinomarina.com\/de\/#\/schema\/logo\/image\/","url":"https:\/\/marinomarina.com\/wp-content\/uploads\/2025\/05\/LOGO-MARINOMARINA-scaled.png","contentUrl":"https:\/\/marinomarina.com\/wp-content\/uploads\/2025\/05\/LOGO-MARINOMARINA-scaled.png","width":2560,"height":1854,"caption":"MarinoMarina"},"image":{"@id":"https:\/\/marinomarina.com\/de\/#\/schema\/logo\/image\/"}}]}},"_links":{"self":[{"href":"https:\/\/marinomarina.com\/de\/wp-json\/wp\/v2\/pages\/8789","targetHints":{"allow":["GET"]}}],"collection":[{"href":"https:\/\/marinomarina.com\/de\/wp-json\/wp\/v2\/pages"}],"about":[{"href":"https:\/\/marinomarina.com\/de\/wp-json\/wp\/v2\/types\/page"}],"author":[{"embeddable":true,"href":"https:\/\/marinomarina.com\/de\/wp-json\/wp\/v2\/users\/1"}],"replies":[{"embeddable":true,"href":"https:\/\/marinomarina.com\/de\/wp-json\/wp\/v2\/comments?post=8789"}],"version-history":[{"count":1,"href":"https:\/\/marinomarina.com\/de\/wp-json\/wp\/v2\/pages\/8789\/revisions"}],"predecessor-version":[{"id":8790,"href":"https:\/\/marinomarina.com\/de\/wp-json\/wp\/v2\/pages\/8789\/revisions\/8790"}],"wp:attachment":[{"href":"https:\/\/marinomarina.com\/de\/wp-json\/wp\/v2\/media?parent=8789"}],"curies":[{"name":"wp","href":"https:\/\/api.w.org\/{rel}","templated":true}]}}